{"id":11,"date":"2023-04-26T02:05:48","date_gmt":"2023-04-25T18:05:48","guid":{"rendered":"https:\/\/canlea.sc-ads.com\/?page_id=11"},"modified":"2025-01-10T19:41:07","modified_gmt":"2025-01-10T11:41:07","slug":"refund_returns","status":"publish","type":"page","link":"https:\/\/canlea.com\/vi\/refund_returns\/","title":{"rendered":"Ch\u00ednh s\u00e1ch ho\u00e0n ti\u1ec1n v\u00e0 ho\u00e0n h\u00e0ng"},"content":{"rendered":"<p data-block-type=\"core\">N\u1ebfu b\u1ea1n c\u00f3 nhu c\u1ea7u h\u1ee7y \u0111\u01a1n h\u00e0ng ho\u1eb7c tr\u1ea3 (\u0111\u1ed5i) h\u00e0ng, vui l\u00f2ng g\u1ecdi cho ch\u00fang t\u00f4i theo s\u1ed1 07-5525988 (Th\u1ee9 Hai \u0111\u1ebfn Th\u1ee9 S\u00e1u 9:00-17:00) trong v\u00f2ng 7 ng\u00e0y k\u1ec3 t\u1eeb ng\u00e0y nh\u1eadn h\u00e0ng, chuy\u00ean vi\u00ean ch\u0103m s\u00f3c kh\u00e1ch h\u00e0ng s\u1ebd ph\u1ee5c v\u1ee5 b\u1ea1n . V\u00e0 tr\u1ea3 l\u1ea1i s\u1ea3n ph\u1ea9m nguy\u00ean v\u1eb9n ch\u01b0a m\u1edf (bao g\u1ed3m m\u00e0ng ni\u00eam phong v\u00e0 h\u1ed9p b\u00ean ngo\u00e0i) k\u00e8m theo qu\u00e0 t\u1eb7ng v\u00e0 h\u00f3a \u0111\u01a1n mua h\u00e0ng cho c\u00f4ng ty ch\u00fang t\u00f4i.<\/p>\n\n\n\n<h5 class=\"wp-block-heading has-vivid-red-color has-text-color has-link-color wp-elements-a65f3e4f7f19c17d87b2cde687471e26\" id=\"\u5b89\u5fc3\u63d0\u9192\">\u2606 Nh\u1eafc nh\u1edf an to\u00e0n<\/h5>\n\n\n\n<p data-block-type=\"core\"><strong>H\u1ecfi: N\u1ebfu t\u00f4i \u0111\u1eb7t h\u00e0ng t\u1ea1i trung t\u00e2m mua s\u1eafm tr\u1ef1c tuy\u1ebfn nh\u01b0ng kh\u00f4ng nh\u1eadn \u0111\u01b0\u1ee3c h\u00e0ng \u0111\u00e3 \u0111\u1eb7t, t\u00f4i c\u00f3 th\u1ec3 h\u1ee7y ho\u1eb7c thay \u0111\u1ed5i \u0111\u01a1n h\u00e0ng tr\u1ef1c tuy\u1ebfn kh\u00f4ng?<\/strong><\/p>\n\n\n\n<p data-block-type=\"core\">Tr\u1ea3 l\u1eddi: Xin l\u1ed7i! Ch\u00fang t\u00f4i t\u1ea1m th\u1eddi kh\u00f4ng th\u1ec3 thay \u0111\u1ed5i ho\u1eb7c h\u1ee7y \u0111\u01a1n h\u00e0ng tr\u1ef1c tuy\u1ebfn c\u1ee7a b\u1ea1n. N\u1ebfu b\u1ea1n ch\u1eafc ch\u1eafn mu\u1ed1n \u0111\u1ed5i h\u00e0ng ho\u1eb7c h\u1ee7y \u0111\u01a1n h\u00e0ng, vui l\u00f2ng g\u1ecdi cho ch\u00fang t\u00f4i t\u1eeb Th\u1ee9 Hai \u0111\u1ebfn Th\u1ee9 S\u00e1u 9:00-17:00, ch\u00fang t\u00f4i s\u1ebd ph\u1ee5c v\u1ee5 v\u00e0 h\u1ed7 tr\u1ee3 b\u1ea1n. !<\/p>\n\n\n\n<h2 class=\"wp-block-heading\" id=\"\u9000\u8ca8\u6d41\u7a0b\">Qu\u00e1 tr\u00ecnh ho\u00e0n tr\u1ea3<\/h2>\n\n\n\n<ul class=\"wp-block-list\" data-block-type=\"core\">\n<li data-block-type=\"core\">B\u01b0\u1edbc 1: Cu\u1ed9c g\u1ecdi \u0111\u1ebfn\n<ul class=\"wp-block-list\" data-block-type=\"core\">\n<li data-block-type=\"core\">Vui l\u00f2ng g\u1ecdi cho nh\u00e2n vi\u00ean ch\u0103m s\u00f3c kh\u00e1ch h\u00e0ng theo s\u1ed1 07-5525988 (Th\u1ee9 Hai \u0111\u1ebfn Th\u1ee9 S\u00e1u 9:00-17:00) trong v\u00f2ng 7 ng\u00e0y k\u1ec3 t\u1eeb ng\u00e0y nh\u1eadn h\u00e0ng.<\/li>\n<\/ul>\n<\/li>\n\n\n\n<li data-block-type=\"core\">B\u01b0\u1edbc 2: \u0110\u00f3ng g\u00f3i\n<ul class=\"wp-block-list\" data-block-type=\"core\">\n<li data-block-type=\"core\">Vui l\u00f2ng gi\u1eef nguy\u00ean bao b\u00ec s\u1ea3n ph\u1ea9m (bao g\u1ed3m m\u00e0ng ni\u00eam phong v\u00e0 h\u1ed9p b\u00ean ngo\u00e0i), \u0111\u1eb7t s\u1ea3n ph\u1ea9m \u0111\u01b0\u1ee3c tr\u1ea3 l\u1ea1i, qu\u00e0 t\u1eb7ng \u0111i k\u00e8m v\u00e0 b\u1eb1ng ch\u1ee9ng mua h\u00e0ng v\u00e0o h\u1ed9p \u0111\u00f3ng g\u00f3i ban \u0111\u1ea7u, \u0111\u00f3ng g\u00f3i v\u00e0 ni\u00eam phong h\u1ed9p \u0111\u00fang c\u00e1ch v\u00e0 c\u00f4ng ty giao h\u00e0ng t\u1eadn nh\u00e0 \u0111\u01b0\u1ee3c ch\u1ec9 \u0111\u1ecbnh s\u1ebd li\u00ean h\u1ec7 v\u1edbi b\u1ea1n \u0111\u1ec3 nh\u1eadn l\u1ea1i s\u1ea3n ph\u1ea9m (N\u1ebfu h\u1ed9p ban \u0111\u1ea7u b\u1ecb h\u01b0 h\u1ecfng c\u00f3 th\u1ec3 \u0111\u00f3ng g\u00f3i v\u00e0o th\u00f9ng carton kh\u00e1c).<\/li>\n<\/ul>\n<\/li>\n\n\n\n<li data-block-type=\"core\">B\u01b0\u1edbc 3: Nh\u1eadn h\u00e0ng\n<ul class=\"wp-block-list\" data-block-type=\"core\">\n<li data-block-type=\"core\">Ch\u00fang t\u00f4i s\u1ebd y\u00eau c\u1ea7u C\u00f4ng ty giao h\u00e0ng t\u1eadn nh\u00e0 Black Cat thu th\u1eadp c\u00e1c m\u1eb7t h\u00e0ng \u0111\u01b0\u1ee3c tr\u1ea3 l\u1ea1i t\u1ea1i \u0111\u1ecba ch\u1ec9 \u0111\u01b0\u1ee3c ch\u1ec9 \u0111\u1ecbnh c\u1ee7a b\u1ea1n. N\u1ebfu vi\u1ec7c nh\u1eadn h\u00e0ng kh\u00f4ng thu\u1eadn ti\u1ec7n, b\u1ea1n c\u0169ng c\u00f3 th\u1ec3 t\u1ef1 m\u00ecnh g\u1eedi l\u1ea1i cho c\u00f4ng ty ch\u00fang t\u00f4i (ph\u00ed v\u1eadn chuy\u1ec3n s\u1ebd do b\u1ea1n t\u1ef1 thanh to\u00e1n).<\/li>\n\n\n\n<li data-block-type=\"core\">\u0110\u1ecba ch\u1ec9\/s\u1ed1 \u0111i\u1ec7n tho\u1ea1i nh\u1eadn: T\u1ea7ng 8, s\u1ed1 223, \u0111\u01b0\u1eddng Zhonghua 1, qu\u1eadn Gushan, th\u00e0nh ph\u1ed1 Cao H\u00f9ng 07-5525988<br>Ng\u01b0\u1eddi nh\u1eadn: C\u00f4ng ty TNHH Kangli <strong>(Qu\u00fd kh\u00e1ch vui l\u00f2ng ghi r\u00f5 ho\u00e0n\/\u0111\u1ed5i)<\/strong><\/li>\n<\/ul>\n<\/li>\n<\/ul>\n\n\n\n<h2 class=\"wp-block-heading\" id=\"\u63db\u8ca8\u7a0b\u5e8f\">Th\u1ee7 t\u1ee5c trao \u0111\u1ed5i<\/h2>\n\n\n\n<p data-block-type=\"core\">Sau khi ho\u00e0n t\u1ea5t quy tr\u00ecnh ho\u00e0n tr\u1ea3, b\u1ea1n c\u00f3 th\u1ec3 mua l\u1ea1i s\u1ea3n ph\u1ea9m trong trung t\u00e2m mua s\u1eafm.<\/p>\n\n\n\n<h2 class=\"wp-block-heading\" id=\"\u9000\u6b3e\u7a0b\u5e8f\">Th\u1ee7 t\u1ee5c ho\u00e0n ti\u1ec1n<\/h2>\n\n\n\n<ul class=\"wp-block-list\" data-block-type=\"core\">\n<li data-block-type=\"core\">C\u00e1ch 1: Thanh to\u00e1n b\u1eb1ng th\u1ebb t\u00edn d\u1ee5ng\n<ul class=\"wp-block-list\" data-block-type=\"core\">\n<li data-block-type=\"core\">Sau khi ch\u00fang t\u00f4i nh\u1eadn \u0111\u01b0\u1ee3c h\u00e0ng tr\u1ea3 l\u1ea1i c\u1ee7a b\u1ea1n v\u00e0 x\u00e1c nh\u1eadn r\u1eb1ng ch\u00fang ch\u00ednh x\u00e1c, ch\u00fang t\u00f4i s\u1ebd ho\u00e0n t\u1ea5t th\u1ee7 t\u1ee5c ho\u00e0n ti\u1ec1n cho b\u1ea1n ch\u1eadm nh\u1ea5t l\u00e0 hai tu\u1ea7n.<\/li>\n\n\n\n<li data-block-type=\"core\">C\u00f4ng ty s\u1ebd ho\u00e0n l\u1ea1i ti\u1ec1n cho b\u1ea1n th\u00f4ng qua c\u00f4ng ty d\u00f2ng ti\u1ec1n<strong>Nguy\u00ean b\u1ea3n<\/strong>\u0110\u1ed1i v\u1edbi t\u00e0i kho\u1ea3n th\u1ebb t\u00edn d\u1ee5ng, ng\u00e0y ho\u00e0n ti\u1ec1n th\u1ef1c t\u1ebf c\u0103n c\u1ee9 v\u00e0o ho\u1ea1t \u0111\u1ed9ng c\u1ee7a ng\u00e2n h\u00e0ng ph\u00e1t h\u00e0nh th\u1ebb.<\/li>\n<\/ul>\n<\/li>\n\n\n\n<li data-block-type=\"core\">C\u00e1ch 2: Thanh to\u00e1n chuy\u1ec3n kho\u1ea3n\n<ul class=\"wp-block-list\" data-block-type=\"core\">\n<li data-block-type=\"core\">Sau khi ch\u00fang t\u00f4i nh\u1eadn \u0111\u01b0\u1ee3c h\u00e0ng tr\u1ea3 l\u1ea1i c\u1ee7a b\u1ea1n v\u00e0 x\u00e1c nh\u1eadn r\u1eb1ng ch\u00fang ch\u00ednh x\u00e1c, ch\u00fang t\u00f4i s\u1ebd chuy\u1ec3n ti\u1ec1n v\u00e0o &quot;t\u00e0i kho\u1ea3n ng\u00e2n h\u00e0ng \u0111\u01b0\u1ee3c ch\u1ec9 \u0111\u1ecbnh&quot; c\u1ee7a b\u1ea1n trong v\u00f2ng 14 ng\u00e0y l\u00e0m vi\u1ec7c (gi\u1edbi h\u1ea1n trong t\u00e0i kho\u1ea3n c\u00e1 nh\u00e2n c\u1ee7a ng\u01b0\u1eddi \u0111\u1eb7t h\u00e0ng).<\/li>\n<\/ul>\n<\/li>\n\n\n\n<li data-block-type=\"core\">Quy tr\u00ecnh 3: N\u1ebfu b\u1ea1n \u0111\u00e3 ho\u00e0n t\u1ea5t c\u00e1c th\u1ee7 t\u1ee5c nh\u01b0ng v\u1eabn ch\u01b0a nh\u1eadn \u0111\u01b0\u1ee3c ti\u1ec1n ho\u00e0n tr\u1ea3 trong th\u1eddi gian quy \u0111\u1ecbnh, vui l\u00f2ng ki\u1ec3m tra l\u1ea1i t\u00e0i kho\u1ea3n ng\u00e2n h\u00e0ng c\u1ee7a b\u1ea1n ho\u1eb7c vui l\u00f2ng g\u1eedi email \u0111\u1ebfn<a href=\"mailto:canlea168@gmail.com\" target=\"_blank\" rel=\"noreferrer noopener\">canlea168@gmail.com<\/a>Li\u00ean h\u1ec7 v\u1edbi ch\u00fang t\u00f4i v\u00e0 c\u1ea3m \u01a1n s\u1ef1 h\u1ed7 tr\u1ee3 c\u1ee7a b\u1ea1n.<\/li>\n<\/ul>\n\n\n\n<h2 class=\"wp-block-heading\" id=\"\u6ce8\u610f\u4e8b\u9805\">[Ghi ch\u00fa]<\/h2>\n\n\n\n<ol class=\"wp-block-list\" data-block-type=\"core\">\n<li data-block-type=\"core\">Th\u1eddi gian \u0111\u1ed5i tr\u1ea3 l\u00e0 7 ng\u00e0y. N\u1ebfu \u0111\u00e3 qu\u00e1 7 ng\u00e0y k\u1ec3 t\u1eeb ng\u00e0y nh\u1eadn h\u00e0ng, ch\u00fang t\u00f4i r\u1ea5t ti\u1ebfc v\u00ec ch\u00fang t\u00f4i kh\u00f4ng th\u1ec3 cung c\u1ea5p cho b\u1ea1n d\u1ecbch v\u1ee5 \u0111\u1ed5i tr\u1ea3.<\/li>\n\n\n\n<li data-block-type=\"core\">Khi c\u00f9ng m\u1ed9t ng\u01b0\u1eddi mua c\u00e1c s\u1ea3n ph\u1ea9m kh\u00e1c nhau l\u1ea7n \u0111\u1ea7u ti\u00ean, h\u1ecd c\u00f3 th\u1ec3 \u0111\u01b0\u1ee3c h\u01b0\u1edfng m\u1ed9t d\u1ecbch v\u1ee5 tr\u1ea3 l\u1ea1i (trao \u0111\u1ed5i) (c\u00f9ng m\u1ed9t s\u1ea3n ph\u1ea9m kh\u00f4ng th\u1ec3 \u0111\u01b0\u1ee3c tr\u1ea3 l\u1ea1i ho\u1eb7c trao \u0111\u1ed5i l\u1ea7n th\u1ee9 hai). d\u1ecbch v\u1ee5 ho\u00e0n tr\u1ea3 (\u0111\u1ed5i h\u00e0ng) s\u1ebd kh\u00f4ng c\u00f2n n\u1eefa.<br>Xin h\u00e3y tha th\u1ee9 cho t\u00f4i! !<\/li>\n\n\n\n<li data-block-type=\"core\">Tr\u1eeb khi b\u1ea3n th\u00e2n s\u1ea3n ph\u1ea9m b\u1ecb l\u1ed7i, vi\u1ec7c tr\u1ea3 l\u1ea1i (trao \u0111\u1ed5i) s\u1ebd kh\u00f4ng \u0111\u01b0\u1ee3c ch\u1ea5p nh\u1eadn sau khi s\u1ea3n ph\u1ea9m \u0111\u01b0\u1ee3c m\u1edf ra.<\/li>\n<\/ol>","protected":false},"excerpt":{"rendered":"<p>\u5982\u9700\u8981\u53d6\u6d88\u8a02\u55ae\u6216\u9000\uff08\u63db\uff09\u8ca8\uff0c\u8acb\u60a8\u5728\u6536\u5230\u5546\u54c1\u76847\u5929\u5167\uff0c\u81f4\u96fb07-5525988 \uff08\u5468\u4e00\u81f3\u5468\u4e949:00-17:00 [&hellip;]<\/p>\n","protected":false},"author":1,"featured_media":0,"parent":0,"menu_order":0,"comment_status":"closed","ping_status":"closed","template":"","meta":{"_gspb_post_css":"","_uag_custom_page_level_css":"","footnotes":""},"class_list":["post-11","page","type-page","status-publish","hentry"],"blocksy_meta":{"page_structure_type":"type-3","styles_descriptor":{"styles":{"desktop":"","tablet":"","mobile":""},"google_fonts":[],"version":6}},"uagb_featured_image_src":{"full":false},"uagb_author_info":{"display_name":"admin","author_link":"https:\/\/canlea.com\/vi\/author\/apple810424_l3uo5agj\/"},"uagb_comment_info":0,"uagb_excerpt":"\u5982\u9700\u8981\u53d6\u6d88\u8a02\u55ae\u6216\u9000\uff08\u63db\uff09\u8ca8\uff0c\u8acb\u60a8\u5728\u6536\u5230\u5546\u54c1\u76847\u5929\u5167\uff0c\u81f4\u96fb07-5525988 \uff08\u5468\u4e00\u81f3\u5468\u4e949:00-17:00&hellip;","_links":{"self":[{"href":"https:\/\/canlea.com\/vi\/wp-json\/wp\/v2\/pages\/11","targetHints":{"allow":["GET"]}}],"collection":[{"href":"https:\/\/canlea.com\/vi\/wp-json\/wp\/v2\/pages"}],"about":[{"href":"https:\/\/canlea.com\/vi\/wp-json\/wp\/v2\/types\/page"}],"author":[{"embeddable":true,"href":"https:\/\/canlea.com\/vi\/wp-json\/wp\/v2\/users\/1"}],"replies":[{"embeddable":true,"href":"https:\/\/canlea.com\/vi\/wp-json\/wp\/v2\/comments?post=11"}],"version-history":[{"count":0,"href":"https:\/\/canlea.com\/vi\/wp-json\/wp\/v2\/pages\/11\/revisions"}],"wp:attachment":[{"href":"https:\/\/canlea.com\/vi\/wp-json\/wp\/v2\/media?parent=11"}],"curies":[{"name":"wp","href":"https:\/\/api.w.org\/{rel}","templated":true}]}}