{"id":273,"date":"2023-04-26T02:25:49","date_gmt":"2023-04-25T18:25:49","guid":{"rendered":"https:\/\/canlea.sc-ads.com\/?page_id=273"},"modified":"2025-04-30T14:20:03","modified_gmt":"2025-04-30T06:20:03","slug":"partner","status":"publish","type":"page","link":"https:\/\/canlea.com\/vi\/partner\/","title":{"rendered":"C\u01a1 s\u1edf s\u1ea3n xu\u1ea5t"},"content":{"rendered":"<div class=\"wp-block-stackable-columns alignfull stk-block-columns stk-block stk-f83a623 stk-block-background stk--has-background-overlay\" data-block-id=\"f83a623\"><style>.stk-f83a623{background-image:url(https:\/\/canlea.com\/wp-content\/uploads\/2023\/04\/contact-header-bg.webp) !important;min-height:360px !important;align-items:flex-end !important;margin-bottom:0px !important;display:flex !important}@media screen and (max-width:689px){.stk-f83a623{background-image:url(https:\/\/canlea.com\/wp-content\/uploads\/2023\/04\/contact-header-bg-mb.webp) !important;min-height:160px !important;align-items:flex-end !important;display:flex !important}}<\/style><div class=\"stk-row stk-inner-blocks stk-block-content stk-content-align stk-f83a623-column\">\n<div class=\"wp-block-stackable-column stk-block-column stk-column stk-block stk-51e522d\" data-v=\"4\" data-block-id=\"51e522d\"><div class=\"stk-column-wrapper stk-block-column__content stk-container stk-51e522d-container stk--no-background stk--no-padding\"><div class=\"stk-block-content stk-inner-blocks stk-51e522d-inner-blocks\">\n<div class=\"wp-block-stackable-heading stk-block-heading stk-block-heading--v2 stk-block stk-1edc67e\" id=\"\u7522\u88fd\u5925\u4f34\" data-block-id=\"1edc67e\"><style>.stk-1edc67e{margin-bottom:8px !important}.stk-1edc67e .stk-block-heading__text{color:var(--theme-palette-color-1,#009C74) !important}@media screen and (max-width:689px){.stk-1edc67e{margin-bottom:0px !important}.stk-1edc67e .stk-block-heading__text{font-size:28px !important}}<\/style><h1 class=\"stk-block-heading__text has-text-color\">C\u01a1 s\u1edf s\u1ea3n xu\u1ea5t<\/h1><\/div>\n\n\n\n<div class=\"wp-block-stackable-heading stk-block-heading stk-block-heading--v2 stk-block stk-08ebff8\" id=\"partner\" data-block-id=\"08ebff8\"><style>.stk-08ebff8{margin-bottom:8px !important}.stk-08ebff8 .stk-block-heading__text{color:var(--theme-palette-color-1,#009C74) !important}@media screen and (max-width:689px){.stk-08ebff8{margin-bottom:0px !important}.stk-08ebff8 .stk-block-heading__text{font-size:18px !important}}<\/style><h5 class=\"stk-block-heading__text has-text-color\">c\u1ed9ng s\u1ef1<\/h5><\/div>\n\n\n\n<div class=\"wp-block-stackable-spacer stk-block-spacer stk--hide-mobile stk--no-padding stk-block stk-fc35d40\" data-block-id=\"fc35d40\"><style>.stk-fc35d40{height:8px !important}<\/style><\/div>\n<\/div><\/div><\/div>\n<\/div><\/div>\n\n\n\n<div class=\"wp-block-stackable-columns alignfull stk-block-columns stk-block stk-e42e8f1 stk-block-background stk--has-background-overlay\" data-block-id=\"e42e8f1\"><style>.stk-e42e8f1{background-image:url(https:\/\/canlea.com\/wp-content\/uploads\/2023\/04\/about-bg-deco.webp) !important;padding-top:90px !important;margin-bottom:150px !important;overflow:visible !important}.stk-e42e8f1 .stk-container{overflow:visible !important}.stk-e42e8f1-column{--stk-column-gap:60px !important;row-gap:24px !important}<\/style><div class=\"stk-row stk-inner-blocks stk-block-content stk-content-align stk-e42e8f1-column\">\n<div class=\"wp-block-stackable-column stk-block-column stk-column stk-block stk-3926a43\" data-v=\"4\" data-block-id=\"3926a43\"><style>.stk-3926a43-inner-blocks{justify-content:center !important}@media screen and (min-width:690px){.stk-3926a43{flex:1 1 calc(50% - var(--stk-column-gap,0px) * 1 \/ 2 ) !important}}<\/style><div class=\"stk-column-wrapper stk-block-column__content stk-container stk-3926a43-container stk--no-background stk--no-padding\"><div class=\"stk--column-flex stk-block-content stk-inner-blocks stk-3926a43-inner-blocks\">\n<div class=\"wp-block-stackable-heading stk-block-heading stk-block-heading--v2 stk-block stk-4aa7982\" id=\"\u7d93\u71df\u88fd\u7a0b\u7b56\u7565\" data-block-id=\"4aa7982\"><h2 class=\"stk-block-heading__text\">M\u00f4 h\u00ecnh chi\u1ebfn l\u01b0\u1ee3c<\/h2><\/div>\n\n\n\n<p data-block-type=\"core\" class=\"translation-block\">\u0110\u1ec3 \u0111\u00e1p \u1ee9ng s\u1ef1 ph\u00e1t tri\u1ec3n m\u1ea1nh m\u1ebd c\u1ee7a l\u0129nh v\u1ef1c ch\u0103m s\u00f3c s\u1ee9c kh\u1ecfe, ch\u00fang t\u00f4i \u0111\u00e3 \u0111\u01b0a ra m\u1ed9t quy\u1ebft \u0111\u1ecbnh chi\u1ebfn l\u01b0\u1ee3c, th\u00e0nh l\u1eadp c\u01a1 s\u1edf s\u1ea3n xu\u1ea5t ri\u00eang. M\u1ee5c ti\u00eau ban \u0111\u1ea7u c\u1ee7a ch\u00fang t\u00f4i l\u00e0 gi\u1ea3i quy\u1ebft b\u00e0i to\u00e1n li\u00ean quan \u0111\u1ebfn kh\u1eed tr\u00f9ng trong qu\u00e1 tr\u00ecnh r\u00f3t l\u1ea1nh - m\u1ed9t tr\u1edf ng\u1ea1i \u0111\u00e3 t\u1ea1o ra nhi\u1ec1u kh\u00f3 kh\u0103n cho nhi\u1ec1u nh\u00e0 s\u1ea3n xu\u1ea5t c\u00f4ng ngh\u1ec7 sinh h\u1ecdc kh\u00e1c. V\u00e0o n\u0103m 2006, ch\u00fang t\u00f4i \u0111\u00e3 \u0111\u00e1nh d\u1ea5u m\u1ed9t b\u01b0\u1edbc ti\u1ebfn quan tr\u1ecdng b\u1eb1ng vi\u1ec7c th\u00e0nh c\u00f4ng khai tr\u01b0\u01a1ng nh\u00e0 m\u00e1y s\u1ea3n xu\u1ea5t \u0111\u1ea7u ti\u00ean v\u1edbi c\u00f4ng ngh\u1ec7 chi\u1ebft r\u00f3t l\u1ea1nh v\u00f4 tr\u00f9ng. Nh\u00e0 m\u00e1y n\u00e0y ho\u1ea1t \u0111\u1ed9ng \u0111\u1ed9c l\u1eadp v\u1edbi t\u00ean g\u1ecdi Health-flow Biotechnology Co., Ltd<\/p>\n\n\n\n<p data-block-type=\"core\" class=\"translation-block\">Nh\u00e0 m\u00e1y c\u1ee7a ch\u00fang t\u00f4i \u0111\u01b0\u1ee3c trang b\u1ecb m\u00e1y m\u00f3c hi\u1ec7n \u0111\u1ea1i, ch\u00fa tr\u1ecdng ti\u00eau chu\u1ea9n qu\u1ea3n l\u00fd an to\u00e0n th\u1ef1c ph\u1ea9m. H\u1ec7 th\u00f4ng ki\u1ec3m tra qu\u1ea3n l\u00fd ch\u1ea5t l\u01b0\u1ee3ng g\u1ed3m ba c\u1ea5p \u0111\u1ed9, \u0111\u1ea3m b\u1ea3o m\u1ee9c qu\u1ea3n l\u00fd cao nh\u1ea5t trong su\u1ed1t quy tr\u00ecnh s\u1ea3n xu\u1ea5t c\u1ee7a ch\u00fang t\u00f4i. Ngo\u00e0i ra, ch\u00fang t\u00f4i c\u00f3 kh\u1ea3 n\u0103ng cung c\u1ea5p c\u00e1c s\u1ea3n ph\u1ea9m s\u1ed1 l\u01b0\u1ee3ng nh\u1ecf, \u0111a d\u1ea1ng v\u00e0 ph\u00f9 h\u1ee3p \u0111\u1ec3 \u0111\u00e1p \u1ee9ng nhu c\u1ea7u th\u1ecb tr\u01b0\u1eddng, t\u1eeb \u0111\u00f3 h\u1ed7 tr\u1ee3 kh\u00e1ch h\u00e0ng OEM m\u1edf r\u1ed9ng th\u1ecb ph\u1ea7n.<\/p>\n\n\n\n<p data-block-type=\"core\" class=\"translation-block\">V\u1edbi ch\u00fang t\u00f4i, s\u1ef1 an to\u00e0n v\u00e0 ch\u1ea5t l\u01b0\u1ee3ng lu\u00f4n l\u00e0 \u01b0u ti\u00ean h\u00e0ng \u0111\u1ea7u. Ch\u00fang t\u00f4i hi\u1ec3u r\u1eb1ng vi\u1ec7c \u0111\u1ea3m b\u1ea3o s\u1ea3n ph\u1ea9m c\u1ee7a ch\u00fang t\u00f4i an to\u00e0n v\u00e0 c\u00f3 ch\u1ea5t l\u01b0\u1ee3ng l\u00e0 y\u1ebfu t\u1ed1 quan tr\u1ecdng nh\u1ea5t \u0111\u1ec3 c\u00f3 \u0111\u01b0\u1ee3c s\u1ef1 h\u00e0i l\u00f2ng c\u1ee7a kh\u00e1ch h\u00e0ng. \u0110\u1ec1 cao nguy\u00ean t\u1eafc \"Trung th\u1ef1c, \u0110\u1ea1o \u0111\u1ee9c v\u00e0 D\u1ecbch v\u1ee5\", ch\u00fang t\u00f4i cam k\u1ebft cung c\u1ea5p c\u00e1c s\u1ea3n ph\u1ea9m ch\u0103m s\u00f3c s\u1ee9c kh\u1ecfe v\u00e0 l\u00e0m \u0111\u1eb9p an to\u00e0n v\u00e0 \u0111\u00e1ng tin c\u1eady v\u1edbi ch\u1ea5t l\u01b0\u1ee3ng t\u1ed1t. Ch\u00fang t\u00f4i kh\u00f4ng ng\u1eebng l\u00e0m vi\u1ec7c \u0111\u1ec3 t\u1ea1o ra tr\u1ea3i nghi\u1ec7m t\u1ed1t nh\u1ea5t cho kh\u00e1ch h\u00e0ng v\u00e0 \u0111\u1ea3m b\u1ea3o r\u1eb1ng h\u1ecd c\u00f3 th\u1ec3 ho\u00e0n to\u00e0n tin t\u01b0\u1edfng khi s\u1eed d\u1ee5ng s\u1ea3n ph\u1ea9m c\u1ee7a ch\u00fang t\u00f4i.<\/p>\n<\/div><\/div><\/div>\n\n\n\n<div class=\"wp-block-stackable-column stk-block-column stk-column stk-block stk-c513584\" data-v=\"4\" data-block-id=\"c513584\"><style>.stk-c513584-inner-blocks{justify-content:flex-end !important}@media screen and (min-width:690px){.stk-c513584{flex:1 1 calc(50% - var(--stk-column-gap,0px) * 1 \/ 2 ) !important}}<\/style><div class=\"stk-column-wrapper stk-block-column__content stk-container stk-c513584-container stk--no-background stk--no-padding\"><div class=\"stk--column-flex stk-block-content stk-inner-blocks stk-c513584-inner-blocks\">\n<div class=\"wp-block-stackable-image stk-block-image stk-block stk-20eda1e uag-blocks-common-selector\" style=\"--z-index-desktop:2;--z-index-tablet:undefined;--z-index-mobile:undefined\" data-block-id=\"20eda1e\"><style>.stk-20eda1e{margin-bottom:-80px !important;z-index:2 !important}<\/style><figure class=\"stk-img-wrapper stk-image--shape-stretch\"><img loading=\"lazy\" decoding=\"async\" class=\"stk-img wp-image-933\" src=\"https:\/\/canlea.com\/wp-content\/uploads\/2023\/08\/Canlea Appearance-2.webp\" width=\"3348\" height=\"2232\" alt=\"About Img1\" \/><\/figure><\/div>\n<\/div><\/div><\/div>\n<\/div><\/div>\n\n\n\n<div class=\"wp-block-stackable-columns alignfull stk-block-columns stk-block stk-44631d8 stk-block-background\" data-block-id=\"44631d8\"><style>.stk-44631d8{background-color:var(--stk-global-color-98138,#fbf8f1) !important;margin-bottom:0px !important;overflow:visible !important}.stk-44631d8:before{background-color:var(--stk-global-color-98138,#fbf8f1) !important}.stk-44631d8 .stk-container{overflow:visible !important}.stk-44631d8-column{--stk-column-gap:60px !important;row-gap:24px !important}@media screen and (max-width:689px){.stk-44631d8{padding-bottom:60px !important}.stk-44631d8-column{row-gap:60px !important}}<\/style><div class=\"stk-row stk-inner-blocks stk-block-content stk-content-align stk-44631d8-column\">\n<div class=\"wp-block-stackable-column stk-block-column stk-column stk-block stk-34e4b21\" data-v=\"4\" data-block-id=\"34e4b21\"><style>.stk-34e4b21{margin-top:-80px !important}@media screen and (min-width:690px){.stk-34e4b21{flex:1 1 calc(50% - var(--stk-column-gap,0px) * 1 \/ 2 ) !important}}<\/style><div class=\"stk-column-wrapper stk-block-column__content stk-container stk-34e4b21-container stk--no-background stk--no-padding\"><div class=\"stk-block-content stk-inner-blocks stk-34e4b21-inner-blocks\">\n<div class=\"wp-block-stackable-image stk-block-image stk-block stk-8eccd34\" data-block-id=\"8eccd34\"><figure class=\"stk-img-wrapper stk-image--shape-stretch\"><img loading=\"lazy\" decoding=\"async\" class=\"stk-img wp-image-874\" src=\"https:\/\/canlea.com\/wp-content\/uploads\/2023\/08\/Kangshun machine map.webp\" width=\"3456\" height=\"2304\" alt=\"About Img2\" \/><\/figure><\/div>\n<\/div><\/div><\/div>\n\n\n\n<div class=\"wp-block-stackable-column stk-block-column stk-column stk-block stk-0a60302\" data-v=\"4\" data-block-id=\"0a60302\"><style>@media screen and (min-width:690px){.stk-0a60302{flex:1 1 calc(50% - var(--stk-column-gap,0px) * 1 \/ 2 ) !important}}<\/style><div class=\"stk-column-wrapper stk-block-column__content stk-container stk-0a60302-container stk--no-background stk--no-padding\"><div class=\"stk-block-content stk-inner-blocks stk-0a60302-inner-blocks\">\n<div class=\"wp-block-stackable-heading stk-block-heading stk-block-heading--v2 stk-block stk-4e07aee\" id=\"\u6280\u8853\u8207\u8a8d\u8b49\" data-block-id=\"4e07aee\"><h2 class=\"stk-block-heading__text\">C\u00f4ng ngh\u1ec7 v\u00e0 Ch\u1ee9ng nh\u1eadn<\/h2><\/div>\n\n\n\n<ol class=\"wp-block-list\" data-block-type=\"core\">\n<li data-block-type=\"core\">\u0110\u1ed9i ng\u0169 Nghi\u00ean c\u1ee9u v\u00e0 Ph\u00e1t tri\u1ec3n s\u1ea3n ph\u1ea9m bao g\u1ed3m nh\u1eefng c\u00e1 nh\u00e2n t\u00e0i n\u0103ng c\u00f3 tr\u00ecnh \u0111\u1ed9 h\u1ecdc v\u1ea5n t\u1eeb Nh\u1eadt B\u1ea3n v\u00e0 Hoa K\u1ef3<\/li>\n\n\n\n<li data-block-type=\"core\">C\u00f4ng ngh\u1ec7 \u0111\u00f3ng g\u00f3i ti\u00ean ti\u1ebfn chi\u1ebft r\u00f3t l\u1ea1nh v\u00f4 tr\u00f9ng.<\/li>\n\n\n\n<li data-block-type=\"core\">Ch\u1ea5t li\u1ec7u \u0111\u00f3ng g\u00f3i \u0111\u01b0\u1ee3c c\u1ea5p b\u1eb1ng s\u00e1ng ch\u1ebf v\u1edbi m\u00e0ng ch\u1ed1ng tia c\u1ef1c t\u00edm nhi\u1ec1u l\u1edbp t\u1ed5ng h\u1ee3p.<\/li>\n\n\n\n<li data-block-type=\"core\">C\u01a1 s\u1edf s\u1ea3n xu\u1ea5t tu\u00e2n th\u1ee7 c\u00e1c ti\u00eau chu\u1ea9n an to\u00e0n th\u1ef1c ph\u1ea9m qu\u1ed1c t\u1ebf ISO 22000, HACCP v\u00e0 GMP.<\/li>\n\n\n\n<li data-block-type=\"core\">C\u00f3 kinh nghi\u1ec7m v\u1edbi ch\u1ee9ng ch\u1ec9 HALAL d\u00e0nh cho th\u1ef1c ph\u1ea9m c\u1ee7a ng\u01b0\u1eddi H\u1ed3i gi\u00e1o.<\/li>\n<\/ol>\n\n\n\n<div class=\"wp-block-stackable-spacer stk-block-spacer stk--no-padding stk-block stk-d500c54\" data-block-id=\"d500c54\"><style>.stk-d500c54{height:24px !important}<\/style><\/div>\n\n\n\n<div class=\"wp-block-stackable-heading stk-block-heading stk-block-heading--v2 stk-block stk-9e894af\" id=\"\u71df\u904b\u65b9\u91dd\u8207\u76ee\u6a19\" data-block-id=\"9e894af\"><h2 class=\"stk-block-heading__text\">M\u1ee5c ti\u00eau ho\u1ea1t \u0111\u1ed9ng<\/h2><\/div>\n\n\n\n<div class=\"wp-block-stackable-text stk-block-text stk-block stk-d69f990\" data-block-id=\"d69f990\"><p class=\"stk-block-text__text\">M\u1ee5c ti\u00eau c\u1ee7a ch\u00fang t\u00f4i l\u00e0 c\u1ea3i thi\u1ec7n ch\u1ea5t l\u01b0\u1ee3ng cu\u1ed9c s\u1ed1ng c\u1ee7a m\u1ecdi ng\u01b0\u1eddi th\u00f4ng qua s\u1ea3n ph\u1ea9m v\u00e0 d\u1ecbch v\u1ee5 c\u1ee7a ch\u00fang t\u00f4i.<\/p><\/div>\n\n\n\n<div class=\"wp-block-stackable-text stk-block-text stk-block stk-51ccb4a\" data-block-id=\"51ccb4a\"><p class=\"stk-block-text__text translation-block\">Trong ng\u1eafn h\u1ea1n, ch\u00fang t\u00f4i t\u1eadp trung v\u00e0o ph\u00e1t tri\u1ec3n d\u1ecbch v\u1ee5 OEM v\u1edbi cam k\u1ebft duy tr\u00ec ti\u00eau chu\u1ea9n ch\u1ea5t l\u01b0\u1ee3ng cao t\u1eeb giai \u0111o\u1ea1n th\u1eed nghi\u1ec7m ban \u0111\u1ea7u trong ph\u00f2ng th\u00ed nghi\u1ec7m \u0111\u1ebfn s\u1ea3n xu\u1ea5t h\u00e0ng lo\u1ea1t quy m\u00f4 l\u1edbn. \u0110\u1ed9i ng\u0169 c\u1ee7a ch\u00fang t\u00f4i l\u00e0m vi\u1ec7c s\u00e2u s\u00e1t v\u1edbi kh\u00e1ch h\u00e0ng \u0111\u1ec3 hi\u1ec3u s\u00e2u v\u1ec1 nhu c\u1ea7u c\u1ee7a h\u1ecd, gi\u00fap ch\u00fang t\u00f4i l\u00ean c\u00e1c gi\u1ea3i ph\u00e1p t\u1ed1i \u01b0u kh\u00f4ng ch\u1ec9 t\u0103ng kh\u1ea3 n\u0103ng c\u1ea1nh tranh c\u1ee7a s\u1ea3n ph\u1ea9m tr\u00ean th\u1ecb tr\u01b0\u1eddng m\u00e0 c\u00f2n t\u1ed1i \u0111a h\u00f3a l\u1ee3i nhu\u1eadn c\u1ee7a h\u1ecd.<\/p><\/div>\n\n\n\n<div class=\"wp-block-stackable-text stk-block-text stk-block stk-6cbb311\" data-block-id=\"6cbb311\"><p class=\"stk-block-text__text translation-block\">Trong t\u01b0\u01a1ng lai, chi\u1ebfn l\u01b0\u1ee3c d\u00e0i h\u1ea1n c\u1ee7a ch\u00fang t\u00f4i h\u01b0\u1edbng t\u1edbi vi\u1ec7c cung c\u1ea5p c\u00e1c d\u1ecbch v\u1ee5 ODM. \u0110\u1ed3ng th\u1eddi, ch\u00fang t\u00f4i \u0111ang li\u00ean t\u1ee5c c\u1ee7ng c\u1ed1 h\u00ecnh \u1ea3nh th\u01b0\u01a1ng hi\u1ec7u v\u00e0 m\u1edf r\u1ed9ng s\u1ef1 hi\u1ec7n di\u1ec7n tr\u00ean th\u1ecb tr\u01b0\u1eddng qu\u1ed1c t\u1ebf.<\/p><\/div>\n<\/div><\/div><\/div>\n<\/div><\/div>","protected":false},"excerpt":{"rendered":"<p>\u7522\u88fd\u5925\u4f34 Partner \u7d93\u71df\u88fd\u7a0b\u7b56\u7565 \u70ba\u56e0\u61c9\u751f\u7269\u79d1\u6280\u84ec\u52c3\u767c\u5c55\uff0c\u8a31\u591a\u516c\u53f8\u5718\u9ad4\u7a4d\u6975\u6295\u5165\u7814\u767c\u300c\u74b0\u4fdd\u3001\u81ea\u7136\u3001\u5065\u5eb7\u300d\u7684 [&hellip;]<\/p>\n","protected":false},"author":1,"featured_media":0,"parent":0,"menu_order":0,"comment_status":"closed","ping_status":"closed","template":"","meta":{"_gspb_post_css":"","_uag_custom_page_level_css":"","footnotes":""},"class_list":["post-273","page","type-page","status-publish","hentry"],"blocksy_meta":{"has_hero_section":"disabled","vertical_spacing_source":"custom","content_area_spacing":"none","styles_descriptor":{"styles":{"desktop":"","tablet":"","mobile":""},"google_fonts":[],"version":6}},"uagb_featured_image_src":{"full":false},"uagb_author_info":{"display_name":"admin","author_link":"https:\/\/canlea.com\/vi\/author\/apple810424_l3uo5agj\/"},"uagb_comment_info":0,"uagb_excerpt":"\u7522\u88fd\u5925\u4f34 Partner \u7d93\u71df\u88fd\u7a0b\u7b56\u7565 \u70ba\u56e0\u61c9\u751f\u7269\u79d1\u6280\u84ec\u52c3\u767c\u5c55\uff0c\u8a31\u591a\u516c\u53f8\u5718\u9ad4\u7a4d\u6975\u6295\u5165\u7814\u767c\u300c\u74b0\u4fdd\u3001\u81ea\u7136\u3001\u5065\u5eb7\u300d\u7684&hellip;","_links":{"self":[{"href":"https:\/\/canlea.com\/vi\/wp-json\/wp\/v2\/pages\/273","targetHints":{"allow":["GET"]}}],"collection":[{"href":"https:\/\/canlea.com\/vi\/wp-json\/wp\/v2\/pages"}],"about":[{"href":"https:\/\/canlea.com\/vi\/wp-json\/wp\/v2\/types\/page"}],"author":[{"embeddable":true,"href":"https:\/\/canlea.com\/vi\/wp-json\/wp\/v2\/users\/1"}],"replies":[{"embeddable":true,"href":"https:\/\/canlea.com\/vi\/wp-json\/wp\/v2\/comments?post=273"}],"version-history":[{"count":0,"href":"https:\/\/canlea.com\/vi\/wp-json\/wp\/v2\/pages\/273\/revisions"}],"wp:attachment":[{"href":"https:\/\/canlea.com\/vi\/wp-json\/wp\/v2\/media?parent=273"}],"curies":[{"name":"wp","href":"https:\/\/api.w.org\/{rel}","templated":true}]}}