{"id":3,"date":"2023-04-19T12:39:29","date_gmt":"2023-04-19T12:39:29","guid":{"rendered":"https:\/\/canlea.sc-ads.com\/?page_id=3"},"modified":"2023-04-26T02:00:55","modified_gmt":"2023-04-25T18:00:55","slug":"privacy-policy","status":"publish","type":"page","link":"https:\/\/canlea.com\/vi\/privacy-policy\/","title":{"rendered":"Ch\u00ednh s\u00e1ch b\u1ea3o m\u1eadt"},"content":{"rendered":"<p data-block-type=\"core\">Ch\u00e0o m\u1eebng \u0111\u1ebfn v\u1edbi d\u1ecbch v\u1ee5 c\u1ee7a ch\u00fang t\u00f4i. Ch\u00ednh s\u00e1ch b\u1ea3o m\u1eadt n\u00e0y \u0111\u01b0\u1ee3c thi\u1ebft k\u1ebf \u0111\u1ec3 th\u00f4ng b\u00e1o cho b\u1ea1n nh\u1eefng th\u00f4ng tin c\u00e1 nh\u00e2n n\u00e0o ch\u00fang t\u00f4i thu th\u1eadp c\u0169ng nh\u01b0 c\u00e1ch ch\u00fang t\u00f4i s\u1eed d\u1ee5ng, b\u1ea3o v\u1ec7 v\u00e0 x\u1eed l\u00fd th\u00f4ng tin n\u00e0y.<\/p>\n\n\n\n<h2 class=\"wp-block-heading\" id=\"\u6211\u5011\u6536\u96c6\u7684\u4fe1\u606f\">Th\u00f4ng tin ch\u00fang t\u00f4i thu th\u1eadp<\/h2>\n\n\n\n<p data-block-type=\"core\">Khi b\u1ea1n s\u1eed d\u1ee5ng d\u1ecbch v\u1ee5 c\u1ee7a ch\u00fang t\u00f4i, ch\u00fang t\u00f4i c\u00f3 th\u1ec3 thu th\u1eadp th\u00f4ng tin c\u00e1 nh\u00e2n c\u1ee7a b\u1ea1n, bao g\u1ed3m nh\u01b0ng kh\u00f4ng gi\u1edbi h\u1ea1n \u1edf:<\/p>\n\n\n\n<ul class=\"wp-block-list\" data-block-type=\"core\">\n<li data-block-type=\"core\">Th\u00f4ng tin li\u00ean h\u1ec7 nh\u01b0 t\u00ean, \u0111\u1ecba ch\u1ec9 email, s\u1ed1 \u0111i\u1ec7n tho\u1ea1i v\u00e0 \u0111\u1ecba ch\u1ec9;<\/li>\n\n\n\n<li data-block-type=\"core\">Th\u00f4ng tin thanh to\u00e1n, ch\u1eb3ng h\u1ea1n nh\u01b0 s\u1ed1 th\u1ebb t\u00edn d\u1ee5ng v\u00e0 \u0111\u1ecba ch\u1ec9 thanh to\u00e1n;<\/li>\n\n\n\n<li data-block-type=\"core\">H\u1ed3 s\u01a1 duy\u1ec7t v\u00e0 v\u1eadn h\u00e0nh, bao g\u1ed3m c\u00e1c ho\u1ea1t \u0111\u1ed9ng v\u00e0 c\u00e1ch s\u1eed d\u1ee5ng c\u1ee7a b\u1ea1n tr\u00ean trang web c\u1ee7a ch\u00fang t\u00f4i;<\/li>\n\n\n\n<li data-block-type=\"core\">Th\u00f4ng tin thi\u1ebft b\u1ecb, ch\u1eb3ng h\u1ea1n nh\u01b0 \u0111\u1ecba ch\u1ec9 IP, lo\u1ea1i tr\u00ecnh duy\u1ec7t, h\u1ec7 \u0111i\u1ec1u h\u00e0nh v\u00e0 s\u1ed1 nh\u1eadn d\u1ea1ng thi\u1ebft b\u1ecb, v.v.<\/li>\n<\/ul>\n\n\n\n<h2 class=\"wp-block-heading\" id=\"\u6211\u5011\u5982\u4f55\u4f7f\u7528\u60a8\u7684\u4fe1\u606f\">C\u00e1ch ch\u00fang t\u00f4i s\u1eed d\u1ee5ng th\u00f4ng tin c\u1ee7a b\u1ea1n<\/h2>\n\n\n\n<p data-block-type=\"core\">Ch\u00fang t\u00f4i c\u00f3 th\u1ec3 s\u1eed d\u1ee5ng th\u00f4ng tin c\u00e1 nh\u00e2n c\u1ee7a b\u1ea1n \u0111\u1ec3:<\/p>\n\n\n\n<ul class=\"wp-block-list\" data-block-type=\"core\">\n<li data-block-type=\"core\">Cung c\u1ea5p v\u00e0 duy tr\u00ec c\u00e1c d\u1ecbch v\u1ee5 c\u1ee7a ch\u00fang t\u00f4i;<\/li>\n\n\n\n<li data-block-type=\"core\">X\u1eed l\u00fd thanh to\u00e1n v\u00e0 \u0111\u1eb7t h\u00e0ng;<\/li>\n\n\n\n<li data-block-type=\"core\">\u0110\u1ec3 li\u00ean h\u1ec7 v\u1edbi b\u1ea1n, ch\u1eb3ng h\u1ea1n nh\u01b0 \u0111\u1ec3 tr\u1ea3 l\u1eddi c\u00e2u h\u1ecfi c\u1ee7a b\u1ea1n ho\u1eb7c cung c\u1ea5p h\u1ed7 tr\u1ee3 kh\u00e1ch h\u00e0ng;<\/li>\n\n\n\n<li data-block-type=\"core\">C\u1ea3i thi\u1ec7n d\u1ecbch v\u1ee5 c\u1ee7a ch\u00fang t\u00f4i, ch\u1eb3ng h\u1ea1n nh\u01b0 b\u1eb1ng c\u00e1ch ph\u00e2n t\u00edch h\u1ed3 s\u01a1 ho\u1ea1t \u0111\u1ed9ng v\u00e0 duy\u1ec7t web \u0111\u1ec3 hi\u1ec3u nhu c\u1ea7u v\u00e0 s\u1edf th\u00edch c\u1ee7a ng\u01b0\u1eddi d\u00f9ng;<\/li>\n\n\n\n<li data-block-type=\"core\">Tu\u00e2n th\u1ee7 lu\u1eadt ph\u00e1p v\u00e0 quy \u0111\u1ecbnh hi\u1ec7n h\u00e0nh.<\/li>\n<\/ul>\n\n\n\n<h2 class=\"wp-block-heading\" id=\"\u6211\u5011\u5982\u4f55\u4fdd\u8b77\u60a8\u7684\u4fe1\u606f\">C\u00e1ch ch\u00fang t\u00f4i b\u1ea3o v\u1ec7 th\u00f4ng tin c\u1ee7a b\u1ea1n<\/h2>\n\n\n\n<p data-block-type=\"core\">Ch\u00fang t\u00f4i th\u1ef1c hi\u1ec7n c\u00e1c bi\u1ec7n ph\u00e1p k\u1ef9 thu\u1eadt v\u00e0 t\u1ed5 ch\u1ee9c ph\u00f9 h\u1ee3p \u0111\u1ec3 b\u1ea3o v\u1ec7 th\u00f4ng tin c\u00e1 nh\u00e2n c\u1ee7a b\u1ea1n kh\u1ecfi b\u1ecb truy c\u1eadp, s\u1eed d\u1ee5ng, s\u1eeda \u0111\u1ed5i, ti\u1ebft l\u1ed9 ho\u1eb7c ph\u00e1 h\u1ee7y tr\u00e1i ph\u00e9p. Ch\u00fang t\u00f4i ch\u1ec9 l\u01b0u gi\u1eef th\u00f4ng tin c\u00e1 nh\u00e2n c\u1ee7a b\u1ea1n trong kho\u1ea3ng th\u1eddi gian c\u1ea7n thi\u1ebft \u0111\u1ec3 th\u1ef1c hi\u1ec7n c\u00e1c m\u1ee5c \u0111\u00edch n\u00eau tr\u00ean ho\u1eb7c tu\u00e2n th\u1ee7 c\u00e1c y\u00eau c\u1ea7u ph\u00e1p l\u00fd.<\/p>\n\n\n\n<p data-block-type=\"core\">Ch\u00fang t\u00f4i kh\u00f4ng b\u00e1n, thu\u00ea ho\u1eb7c trao \u0111\u1ed5i th\u00f4ng tin c\u00e1 nh\u00e2n c\u1ee7a b\u1ea1n cho b\u00ean th\u1ee9 ba. Ch\u00fang t\u00f4i c\u00f3 th\u1ec3 chia s\u1ebb th\u00f4ng tin c\u1ee7a b\u1ea1n v\u1edbi c\u00e1c nh\u00e0 cung c\u1ea5p d\u1ecbch v\u1ee5 \u0111\u1ec3 h\u1ecd c\u00f3 th\u1ec3 cung c\u1ea5p d\u1ecbch v\u1ee5 h\u1ed7 tr\u1ee3 cho ch\u00fang t\u00f4i. Ch\u00fang t\u00f4i y\u00eau c\u1ea7u c\u00e1c nh\u00e0 cung c\u1ea5p d\u1ecbch v\u1ee5 n\u00e0y tu\u00e2n th\u1ee7 c\u00e1c lu\u1eadt v\u00e0 quy \u0111\u1ecbnh hi\u1ec7n h\u00e0nh v\u1ec1 quy\u1ec1n ri\u00eang t\u01b0 c\u0169ng nh\u01b0 ch\u1ecbu tr\u00e1ch nhi\u1ec7m v\u1ec1 h\u00e0nh \u0111\u1ed9ng c\u1ee7a m\u00ecnh.<\/p>\n\n\n\n<h2 class=\"wp-block-heading\" id=\"\u60a8\u7684\u6b0a\u5229\">quy\u1ec1n l\u1ee3i c\u1ee7a b\u1ea1n<\/h2>\n\n\n\n<p data-block-type=\"core\">B\u1ea1n c\u00f3 quy\u1ec1n y\u00eau c\u1ea7u quy\u1ec1n truy c\u1eadp, c\u1ea3i ch\u00ednh, x\u00f3a, h\u1ea1n ch\u1ebf x\u1eed l\u00fd, di chuy\u1ec3n d\u1eef li\u1ec7u v\u00e0 ph\u1ea3n \u0111\u1ed1i vi\u1ec7c ch\u00fang t\u00f4i x\u1eed l\u00fd th\u00f4ng tin c\u00e1 nh\u00e2n c\u1ee7a b\u1ea1n. N\u1ebfu b\u1ea1n c\u00f3 b\u1ea5t k\u1ef3 c\u00e2u h\u1ecfi ho\u1eb7c c\u1ea7n h\u1ed7 tr\u1ee3, xin vui l\u00f2ng li\u00ean h\u1ec7 v\u1edbi b\u1ed9 ph\u1eadn h\u1ed7 tr\u1ee3 kh\u00e1ch h\u00e0ng c\u1ee7a ch\u00fang t\u00f4i.<\/p>\n\n\n\n<p data-block-type=\"core\">Ch\u00ednh s\u00e1ch quy\u1ec1n ri\u00eang t\u01b0 n\u00e0y c\u00f3 th\u1ec3 \u0111\u01b0\u1ee3c c\u1eadp nh\u1eadt theo th\u1eddi gian v\u00e0 ch\u00fang t\u00f4i s\u1ebd \u0111\u0103ng phi\u00ean b\u1ea3n c\u1eadp nh\u1eadt tr\u00ean trang web. N\u1ebfu b\u1ea1n ti\u1ebfp t\u1ee5c s\u1eed d\u1ee5ng d\u1ecbch v\u1ee5 c\u1ee7a ch\u00fang t\u00f4i, b\u1ea1n \u0111\u1ed3ng \u00fd v\u1edbi c\u00e1c \u0111i\u1ec1u kho\u1ea3n c\u1ee7a Ch\u00ednh s\u00e1ch quy\u1ec1n ri\u00eang t\u01b0 n\u00e0y.<\/p>","protected":false},"excerpt":{"rendered":"<p>\u6b61\u8fce\u4f7f\u7528\u6211\u5011\u7684\u670d\u52d9\u3002\u672c\u96b1\u79c1\u6b0a\u653f\u7b56\u65e8\u5728\u544a\u77e5\u60a8\u6211\u5011\u6536\u96c6\u54ea\u4e9b\u500b\u4eba\u4fe1\u606f\uff0c\u4ee5\u53ca\u5982\u4f55\u4f7f\u7528\u3001\u4fdd\u8b77\u548c\u8655\u7406\u9019\u4e9b\u4fe1\u606f\u3002 \u6211\u5011\u6536\u96c6\u7684 [&hellip;]<\/p>\n","protected":false},"author":1,"featured_media":0,"parent":0,"menu_order":0,"comment_status":"closed","ping_status":"closed","template":"","meta":{"_gspb_post_css":"","_uag_custom_page_level_css":"","footnotes":""},"class_list":["post-3","page","type-page","status-publish","hentry"],"blocksy_meta":[],"uagb_featured_image_src":{"full":false},"uagb_author_info":{"display_name":"admin","author_link":"https:\/\/canlea.com\/vi\/author\/apple810424_l3uo5agj\/"},"uagb_comment_info":0,"uagb_excerpt":"\u6b61\u8fce\u4f7f\u7528\u6211\u5011\u7684\u670d\u52d9\u3002\u672c\u96b1\u79c1\u6b0a\u653f\u7b56\u65e8\u5728\u544a\u77e5\u60a8\u6211\u5011\u6536\u96c6\u54ea\u4e9b\u500b\u4eba\u4fe1\u606f\uff0c\u4ee5\u53ca\u5982\u4f55\u4f7f\u7528\u3001\u4fdd\u8b77\u548c\u8655\u7406\u9019\u4e9b\u4fe1\u606f\u3002 \u6211\u5011\u6536\u96c6\u7684&hellip;","_links":{"self":[{"href":"https:\/\/canlea.com\/vi\/wp-json\/wp\/v2\/pages\/3","targetHints":{"allow":["GET"]}}],"collection":[{"href":"https:\/\/canlea.com\/vi\/wp-json\/wp\/v2\/pages"}],"about":[{"href":"https:\/\/canlea.com\/vi\/wp-json\/wp\/v2\/types\/page"}],"author":[{"embeddable":true,"href":"https:\/\/canlea.com\/vi\/wp-json\/wp\/v2\/users\/1"}],"replies":[{"embeddable":true,"href":"https:\/\/canlea.com\/vi\/wp-json\/wp\/v2\/comments?post=3"}],"version-history":[{"count":0,"href":"https:\/\/canlea.com\/vi\/wp-json\/wp\/v2\/pages\/3\/revisions"}],"wp:attachment":[{"href":"https:\/\/canlea.com\/vi\/wp-json\/wp\/v2\/media?parent=3"}],"curies":[{"name":"wp","href":"https:\/\/api.w.org\/{rel}","templated":true}]}}