{"id":1569,"date":"2025-09-10T15:58:12","date_gmt":"2025-09-10T07:58:12","guid":{"rendered":"https:\/\/canlea.com\/?post_type=product&#038;p=1569"},"modified":"2025-11-25T16:50:46","modified_gmt":"2025-11-25T08:50:46","slug":"%e3%80%90%e5%96%9c%e6%9c%9b%e6%b4%bb%e5%8a%9b%e5%af%b3%e8%91%89%e9%bb%83%e7%b4%a0a%e2%81%ba%e7%b2%be%e8%90%83%e5%87%8d%e3%80%9130%e5%85%a5-%e7%9b%92","status":"publish","type":"product","link":"https:\/\/canlea.com\/vi\/san-pham\/%e3%80%90%e5%96%9c%e6%9c%9b%e6%b4%bb%e5%8a%9b%e5%af%b3%e8%91%89%e9%bb%83%e7%b4%a0a%e2%81%ba%e7%b2%be%e8%90%83%e5%87%8d%e3%80%9130%e5%85%a5-%e7%9b%92\/","title":{"rendered":"Xiwang Vitality Treasure Lutein A<sup>+<\/sup>Essence Jelly (30 vi\u00ean\/h\u1ed9p)"},"content":{"rendered":"<p data-block-type=\"core\"><strong>N\u1ed9i dung:<\/strong>15g x 30 mi\u1ebfng<\/p>\n\n\n\n<p data-block-type=\"core\"><strong>\uff5cTh\u00e0nh ph\u1ea7n\uff5c:<\/strong><\/p>\n\n\n\n<p data-block-type=\"core\">N\u01b0\u1edbc, D-xylitol (ch\u1ea5t t\u1ea1o ng\u1ecdt), sucrose, n\u01b0\u1edbc \u00e9p vi\u1ec7t qu\u1ea5t c\u00f4 \u0111\u1eb7c, n\u01b0\u1edbc \u00e9p l\u00fd chua \u0111en c\u00f4 \u0111\u1eb7c, n\u01b0\u1edbc \u00e9p aronia c\u00f4 \u0111\u1eb7c, k\u1eb9o cao su carob, xi-r\u00f4 ng\u00f4, lutein (chi\u1ebft xu\u1ea5t c\u00fac v\u1ea1n th\u1ecd), chi\u1ebft xu\u1ea5t c\u00fac v\u1ea1n th\u1ecd (c\u00f3 ch\u1ee9a zeaxanthin), b\u1ed9t agar, natri citrat, g\u00f4m arabic, tinh b\u1ed9t ng\u00f4, vitamin A, vitamin E.<\/p>\n\n\n\n<p data-block-type=\"core\"><strong>C\u00e1ch \u0103n:<\/strong>D\u00f9ng m\u1ed9t kh\u1ea9u ph\u1ea7n m\u1ed7i ng\u00e0y. Vui l\u00f2ng d\u00f9ng ngay sau khi m\u1edf. \u0102n nhi\u1ec1u h\u01a1n m\u1ee9c c\u00f3 l\u1ee3i.<\/p>\n\n\n\n<p data-block-type=\"core\"><strong>\uff5cPh\u01b0\u01a1ng ph\u00e1p l\u01b0u\uff5c\uff1a<\/strong>Vui l\u00f2ng b\u1ea3o qu\u1ea3n n\u01a1i kh\u00f4 r\u00e1o, tho\u00e1ng m\u00e1t, tr\u00e1nh \u00e1nh n\u1eafng tr\u1ef1c ti\u1ebfp.<\/p>\n\n\n\n<p data-block-type=\"core\"><strong>\uff5cL\u01b0u \u00fd\uff5c:<\/strong>Nh\u1eefng ng\u01b0\u1eddi c\u00f3 t\u00ecnh tr\u1ea1ng th\u1ec3 ch\u1ea5t \u0111\u1eb7c bi\u1ec7t vui l\u00f2ng tham kh\u1ea3o \u00fd ki\u1ebfn chuy\u00ean gia, h\u00e3y nhai ch\u1eadm \u0111\u1ec3 tr\u00e1nh b\u1ecb ngh\u1eb9n v\u00e0 tr\u1ebb em n\u00ean c\u00f3 ng\u01b0\u1eddi l\u1edbn \u0111i k\u00e8m khi \u0103n.<\/p>\n\n\n\n<p data-block-type=\"core\"><strong>H\u1ea1n s\u1eed d\u1ee5ng:<\/strong>18 th\u00e1ng<\/p>\n\n\n\n\n\n\n\n\n\n\n\n\n\n\n\n\n\n\n\n<figure class=\"wp-block-image size-full\" style=\"margin-top:0;margin-right:0;margin-bottom:0;margin-left:0\" data-block-type=\"core\"><img loading=\"lazy\" decoding=\"async\" width=\"1414\" height=\"2000\" src=\"https:\/\/canlea.com\/wp-content\/uploads\/2025\/09\/scimgmmvagR.webp\" alt=\"1 0 0\" class=\"wp-image-1928\"\/><\/figure>\n\n\n\n<figure class=\"wp-block-image size-full\" style=\"margin-top:0px;margin-bottom:0px\" data-block-type=\"core\"><img loading=\"lazy\" decoding=\"async\" width=\"1414\" height=\"2000\" src=\"https:\/\/canlea.com\/wp-content\/uploads\/2025\/09\/scimgjoksH2.webp\" alt=\"21 0\" class=\"wp-image-1929\"\/><\/figure>\n\n\n\n<figure class=\"wp-block-image size-full\" style=\"margin-top:0px;margin-bottom:0px\" data-block-type=\"core\"><img loading=\"lazy\" decoding=\"async\" width=\"1414\" height=\"2000\" src=\"https:\/\/canlea.com\/wp-content\/uploads\/2025\/09\/scimguovnLM.webp\" alt=\"3 0 0\" class=\"wp-image-1930\" style=\"object-fit:cover\"\/><\/figure>\n\n\n\n<figure class=\"wp-block-image size-full\" style=\"margin-top:0;margin-bottom:0\" data-block-type=\"core\"><img loading=\"lazy\" decoding=\"async\" width=\"1414\" height=\"2000\" src=\"https:\/\/canlea.com\/wp-content\/uploads\/2025\/09\/scimg4gI1j6.webp\" alt=\"41 0\" class=\"wp-image-1931\"\/><\/figure>\n\n\n\n<figure class=\"wp-block-image size-full\" style=\"margin-top:0;margin-right:0;margin-bottom:0;margin-left:0\" data-block-type=\"core\"><img loading=\"lazy\" decoding=\"async\" width=\"1414\" height=\"2000\" src=\"https:\/\/canlea.com\/wp-content\/uploads\/2025\/09\/scimgeRgiBM.webp\" alt=\"5 0 0\" class=\"wp-image-1932\"\/><\/figure>\n\n\n\n<figure class=\"wp-block-image size-full\" style=\"margin-top:0px;margin-bottom:0px\" data-block-type=\"core\"><img loading=\"lazy\" decoding=\"async\" width=\"1414\" height=\"2000\" src=\"https:\/\/canlea.com\/wp-content\/uploads\/2025\/09\/scimg4NuNNj.webp\" alt=\"6 0 0\" class=\"wp-image-1933\"\/><\/figure>\n\n\n\n<figure class=\"wp-block-image size-full\" style=\"margin-top:0px;margin-bottom:0px\" data-block-type=\"core\"><img loading=\"lazy\" decoding=\"async\" width=\"1414\" height=\"2000\" src=\"https:\/\/canlea.com\/wp-content\/uploads\/2025\/09\/scimgylkYcz.webp\" alt=\"91 0\" class=\"wp-image-1934\"\/><\/figure>\n\n\n\n<figure class=\"wp-block-image size-full\" style=\"margin-top:0px;margin-bottom:0px\" data-block-type=\"core\"><img loading=\"lazy\" decoding=\"async\" width=\"1414\" height=\"2000\" src=\"https:\/\/canlea.com\/wp-content\/uploads\/2025\/09\/scimgOJqffb.webp\" alt=\"10 0 0\" class=\"wp-image-1935\"\/><\/figure>","protected":false},"excerpt":{"rendered":"<p><strong>C\u00f4ng th\u1ee9c ch\u0103m s\u00f3c l\u00e0m s\u00e1ng da:<\/strong><\/p>\n<p>\u2726S\u1eed d\u1ee5ng FloraGLO c\u1ee7a M\u1ef9, c\u00f3 t\u1ef7 l\u1ec7 h\u1ea5p th\u1ee5 tuy\u1ec7t v\u1eddi cho con ng\u01b0\u1eddi<sup>\u00ae<\/sup>Chi\u1ebft xu\u1ea5t c\u00fac v\u1ea1n th\u1ecd \u0111\u01b0\u1ee3c c\u1ea5p b\u1eb1ng s\u00e1ng ch\u1ebf ch\u1ee9a Lutein t\u1ef1 do<\/p>\n<p>\u2726T\u1ef7 l\u1ec7 v\u00e0ng 10:2 lutein v\u00e0 zeaxanthin.<\/p>\n<p>\u2726H\u01b0\u01a1ng nho \u0111en t\u0103ng c\u01b0\u1eddng s\u1ef1 tho\u1ea3i m\u00e1i.<\/p>\n<p>\u2726B\u1ed5 sung vitamin A v\u00e0 vitamin E: ch\u1ea5t ch\u1ed1ng oxy h\u00f3a, duy tr\u00ec th\u1ecb l\u1ef1c ban \u0111\u00eam.<\/p>\n<p>\u27261 g\u00f3i m\u1ed7i ng\u00e0y l\u00e0 v\u1eeba \u0111\u1ee7! D\u1ec5 d\u00e0ng b\u1ed5 sung li\u1ec1u l\u01b0\u1ee3ng lutein 6mg c\u1ea7n thi\u1ebft.<\/p>\n<p>\u2726S\u1ea3n ph\u1ea9m dai, ngon v\u00e0 c\u00f3 k\u1ebft c\u1ea5u m\u1ecbn, \u0111\u01b0\u1ee3c c\u1ea3 ng\u01b0\u1eddi l\u1edbn v\u00e0 tr\u1ebb em y\u00eau th\u00edch.<\/p>","protected":false},"featured_media":1601,"template":"","meta":{"_gspb_post_css":"","_uag_custom_page_level_css":"","footnotes":""},"product_brand":[],"product_cat":[19],"product_tag":[],"class_list":{"0":"post-1569","1":"product","2":"type-product","3":"status-publish","4":"has-post-thumbnail","6":"product_cat-health-food","8":"first","9":"instock","10":"shipping-taxable","11":"purchasable","12":"product-type-simple"},"uagb_featured_image_src":{"full":["https:\/\/canlea.com\/wp-content\/uploads\/2025\/09\/scimgaIadkm.webp",1309,1308,false]},"uagb_author_info":{"display_name":"contact@sc-icg.com","author_link":"https:\/\/canlea.com\/vi\/author\/"},"uagb_comment_info":1,"uagb_excerpt":"\u6676\u4eae\u4fdd\u990a\u914d\u65b9\uff1a \u2726\u63a1\u7528\u4eba\u9ad4\u5438\u6536\u7387\u6975\u4f73 \u2013 \u7f8e\u570bFloraGLO\u00ae\u91d1\u76de\u82b1\u8403\u53d6\u7269\u5c08\u5229\u6e38\u96e2\u578b\u8449\u9ec3\u7d20 \u2726\u9ec3\u91d1\u6bd4\u4f8b10\uff1a&hellip;","_links":{"self":[{"href":"https:\/\/canlea.com\/vi\/wp-json\/wp\/v2\/product\/1569","targetHints":{"allow":["GET"]}}],"collection":[{"href":"https:\/\/canlea.com\/vi\/wp-json\/wp\/v2\/product"}],"about":[{"href":"https:\/\/canlea.com\/vi\/wp-json\/wp\/v2\/types\/product"}],"version-history":[{"count":0,"href":"https:\/\/canlea.com\/vi\/wp-json\/wp\/v2\/product\/1569\/revisions"}],"wp:featuredmedia":[{"embeddable":true,"href":"https:\/\/canlea.com\/vi\/wp-json\/wp\/v2\/media\/1601"}],"wp:attachment":[{"href":"https:\/\/canlea.com\/vi\/wp-json\/wp\/v2\/media?parent=1569"}],"wp:term":[{"taxonomy":"product_brand","embeddable":true,"href":"https:\/\/canlea.com\/vi\/wp-json\/wp\/v2\/product_brand?post=1569"},{"taxonomy":"product_cat","embeddable":true,"href":"https:\/\/canlea.com\/vi\/wp-json\/wp\/v2\/product_cat?post=1569"},{"taxonomy":"product_tag","embeddable":true,"href":"https:\/\/canlea.com\/vi\/wp-json\/wp\/v2\/product_tag?post=1569"}],"curies":[{"name":"wp","href":"https:\/\/api.w.org\/{rel}","templated":true}]}}