{"id":1651,"date":"2025-08-22T14:20:20","date_gmt":"2025-08-22T06:20:20","guid":{"rendered":"https:\/\/canlea.com\/?post_type=product&#038;p=1651"},"modified":"2026-02-01T21:32:55","modified_gmt":"2026-02-01T13:32:55","slug":"%e3%80%90%e5%8d%b3%e6%9c%9f%e8%89%af%e5%93%81%e3%80%91%e6%99%b6%e7%99%bd%e7%89%a9%e8%aa%9e%e9%9a%94%e9%9b%a2%e7%b2%89%e8%9c%9c-spf50-%e6%95%88%e6%9c%9f%e8%87%b32026-6-7","status":"publish","type":"product","link":"https:\/\/canlea.com\/vi\/san-pham\/%e3%80%90%e5%8d%b3%e6%9c%9f%e8%89%af%e5%93%81%e3%80%91%e6%99%b6%e7%99%bd%e7%89%a9%e8%aa%9e%e9%9a%94%e9%9b%a2%e7%b2%89%e8%9c%9c-spf50-%e6%95%88%e6%9c%9f%e8%87%b32026-6-7\/","title":{"rendered":"[H\u00e0ng h\u1ebft h\u1ea1n] Ph\u1ea5n ph\u1ee7 Crystal Whitening Story Isolation Powder SPF50<sup>+<\/sup>\/C\u00f3 hi\u1ec7u l\u1ef1c \u0111\u1ebfn ng\u00e0y 7 th\u00e1ng 6 n\u0103m 2026"},"content":{"rendered":"<figure class=\"wp-block-image size-full\" style=\"margin-top:0;margin-bottom:0\" data-block-type=\"core\"><img loading=\"lazy\" decoding=\"async\" width=\"740\" height=\"555\" src=\"https:\/\/canlea.com\/wp-content\/uploads\/2023\/04\/\u6676\u767d\u7269\u8a9e\u9694\u96e2\u7c89\u871cSPF501.jpeg\" alt=\"\u6676\u767d\u7269\u8a9e\u9694\u96e2\u7c89\u871cspf50+1\" class=\"wp-image-213\" \/><\/figure>\n\n\n\n<figure class=\"wp-block-image size-full\" style=\"margin-top:0;margin-bottom:0\" data-block-type=\"core\"><img loading=\"lazy\" decoding=\"async\" width=\"740\" height=\"555\" src=\"https:\/\/canlea.com\/wp-content\/uploads\/2023\/04\/\u6676\u767d\u7269\u8a9e\u9694\u96e2\u7c89\u871cSPF502.jpeg\" alt=\"\u6676\u767d\u7269\u8a9e\u9694\u96e2\u7c89\u871cspf50+2\" class=\"wp-image-214\" \/><\/figure>\n\n\n\n<figure class=\"wp-block-image size-full\" style=\"margin-top:0;margin-bottom:0\" data-block-type=\"core\"><img loading=\"lazy\" decoding=\"async\" width=\"740\" height=\"554\" src=\"https:\/\/canlea.com\/wp-content\/uploads\/2023\/04\/\u6676\u767d\u7269\u8a9e\u9694\u96e2\u7c89\u871cSPF503.jpeg\" alt=\"\u6676\u767d\u7269\u8a9e\u9694\u96e2\u7c89\u871cspf50+3\" class=\"wp-image-215\" \/><\/figure>\n\n\n\n<figure class=\"wp-block-image size-full\" style=\"margin-top:0;margin-bottom:0\" data-block-type=\"core\"><img loading=\"lazy\" decoding=\"async\" width=\"740\" height=\"556\" src=\"https:\/\/canlea.com\/wp-content\/uploads\/2023\/04\/\u6676\u767d\u7269\u8a9e\u9694\u96e2\u7c89\u871cSPF504.jpeg\" alt=\"\u6676\u767d\u7269\u8a9e\u9694\u96e2\u7c89\u871cspf50+4\" class=\"wp-image-216\" \/><\/figure>\n\n\n\n<figure class=\"wp-block-image size-full\" style=\"margin-top:0;margin-bottom:0\" data-block-type=\"core\"><img loading=\"lazy\" decoding=\"async\" width=\"740\" height=\"556\" src=\"https:\/\/canlea.com\/wp-content\/uploads\/2023\/04\/Ph\u1ea5n c\u00f4 l\u1eadp Crystal White Story SPF505-1.webp\" alt=\"\u6676\u767d\u7269\u8a9e\u9694\u96e2\u7c89\u871cspf50+5\" class=\"wp-image-224\" \/><\/figure>\n\n\n\n<figure class=\"wp-block-image size-full\" data-block-type=\"core\"><img loading=\"lazy\" decoding=\"async\" width=\"740\" height=\"553\" src=\"https:\/\/canlea.com\/wp-content\/uploads\/2023\/04\/\u6676\u767d\u7269\u8a9e\u9694\u96e2\u7c89\u871cSPF506.jpeg\" alt=\"\u6676\u767d\u7269\u8a9e\u9694\u96e2\u7c89\u871cspf50+6\" class=\"wp-image-218\" \/><\/figure>\n\n\n\n<p data-block-type=\"core\"><strong>Dung t\u00edch<\/strong> 40ml<\/p>\n\n\n\n<p data-block-type=\"core\"><strong>\u1ee8ng d\u1ee5ng:<\/strong> L\u00e0m \u0111\u1ec1u m\u00e0u da, che khuy\u1ebft \u0111i\u1ec3m, d\u01b0\u1ee1ng \u1ea9m, ch\u1ed1ng n\u1eafng<\/p>\n\n\n\n<p data-block-type=\"core\"><strong>C\u00e1ch s\u1eed d\u1ee5ng:<\/strong>L\u1eafc k\u1ef9 s\u1ea3n ph\u1ea9m tr\u01b0\u1edbc khi s\u1eed d\u1ee5ng. L\u1ea5y m\u1ed9t l\u01b0\u1ee3ng v\u1eeba \u0111\u1ee7 v\u00e0 nh\u1eb9 nh\u00e0ng v\u1ed7 l\u00ean to\u00e0n b\u1ed9 khu\u00f4n m\u1eb7t v\u00e0 c\u1ed5. Sau \u0111\u00f3, s\u1eed d\u1ee5ng \u0111\u1ea7u ng\u00f3n tay ho\u1eb7c b\u00f4ng m\u00fat \u0111\u1ec3 t\u00e1n \u0111\u1ec1u t\u1eeb trong ra ngo\u00e0i<\/p>\n\n\n\n<p data-block-type=\"core\"><strong>\uff5cLo\u1ea1i da ph\u00f9 h\u1ee3p\uff5c:<\/strong>Th\u00edch h\u1ee3p cho m\u1ecdi lo\u1ea1i da<\/p>\n\n\n\n<p data-block-type=\"core\"><strong>\uff5cTh\u00e0nh ph\u1ea7n\uff5c:<\/strong> Nh\u01b0 tr\u00ean bao b\u00ec<\/p>\n\n\n\n<p data-block-type=\"core\"><strong>\uff5c\u0110\u1ed1i t\u01b0\u1ee3ng \u00e1p d\u1ee5ng\uff5c\uff1a<\/strong>M\u1ecdi l\u1ee9a tu\u1ed5i<\/p>\n\n\n\n<p data-block-type=\"core\"><strong>\uff5cNg\u00e0y c\u00f3 hi\u1ec7u l\u1ef1c\uff5c\uff1a<\/strong>Tr\u00ean bao b\u00ec (N\u0103m\/Th\u00e1ng\/Ng\u00e0y )<\/p>\n\n\n\n<p data-block-type=\"core\"><strong>\uff5cPh\u01b0\u01a1ng ph\u00e1p l\u01b0u\uff5c\uff1a<\/strong>\u0110\u1ec3 n\u01a1i tho\u00e1ng m\u00e1t, tr\u00e1nh \u00e1nh n\u1eafng tr\u1ef1c ti\u1ebfp<\/p>\n\n\n\n<p data-block-type=\"core\"><strong>\uff5cL\u01b0u \u00fd\uff5c:<\/strong><\/p>\n\n\n\n<p data-block-type=\"core\">(1) N\u1ebfu b\u1ea1n c\u00f3 c\u1ea3m gi\u00e1c kh\u00f3 ch\u1ecbu ho\u1eb7c k\u00edch \u1ee9ng da khi s\u1eed d\u1ee5ng s\u1ea3n ph\u1ea9m, h\u00e3y ng\u1eebng s\u1eed d\u1ee5ng v\u00e0 tham kh\u1ea3o \u00fd ki\u1ebfn \u200b\u200bb\u00e1c s\u0129 da li\u1ec5u \u0111\u1ec3 \u0111\u01b0\u1ee3c t\u01b0 v\u1ea5n th\u00eam.<br>(2) Kh\u00f4ng s\u1eed d\u1ee5ng s\u1ea3n ph\u1ea9m tr\u00ean v\u00f9ng da t\u00e3 c\u1ee7a tr\u1ebb d\u01b0\u1edbi 3 tu\u1ed5i.<\/p>","protected":false},"excerpt":{"rendered":"<p>\ud83d\udc9aThay \u0111\u1ed5i t\u00f4ng m\u00e0u da<\/p>\n<p>\ud83d\udc9a Ch\u1ee9c n\u0103ng d\u01b0\u1ee1ng \u1ea9m \u0111\u01b0\u1ee3c t\u0103ng c\u01b0\u1eddng gi\u00fap l\u00e0n da c\u1ee7a b\u1ea1n tr\u1eafng s\u00e1ng, trong su\u1ed1t, m\u1ecbn m\u00e0ng, \u0111\u1ed3ng th\u1eddi c\u00f4 l\u1eadp v\u00e0 c\u1ea5p \u1ea9m, v\u1edbi k\u1ebft c\u1ea5u t\u01b0\u01a1i m\u00e1t v\u00e0 ph\u00f9 h\u1ee3p h\u01a1n d\u01b0\u1edbi \u00e1nh n\u1eafng m\u1eb7t tr\u1eddi.<\/p>\n<p>\ud83d\udc49 Gi\u00e1 tr\u1ecb tuy\u1ec7t v\u1eddi, mua hai chai trong m\u1ed9t b\u1ed9 ch\u1ec9 v\u1edbi $880! \u00a0<\/p>","protected":false},"featured_media":1680,"template":"","meta":{"_gspb_post_css":"","_uag_custom_page_level_css":"","footnotes":""},"product_brand":[],"product_cat":[30,22],"product_tag":[],"class_list":{"0":"post-1651","1":"product","2":"type-product","3":"status-publish","4":"has-post-thumbnail","6":"product_cat-sales","7":"product_cat-taiwan-setting-powder","9":"first","10":"instock","11":"sale","12":"shipping-taxable","13":"purchasable","14":"product-type-simple"},"uagb_featured_image_src":{"full":["https:\/\/canlea.com\/wp-content\/uploads\/2025\/08\/scimgcMLx9n.webp",1040,1040,false]},"uagb_author_info":{"display_name":"Canlea","author_link":"https:\/\/canlea.com\/vi\/author\/"},"uagb_comment_info":0,"uagb_excerpt":"\ud83d\udc9a\u4fee\u98fe\u819a\u8272 \ud83d\udc9a\u52a0\u5f37\u4fdd\u6fd5\u529f\u80fd \u8b93\u967d\u5149\u4e0b\u7684\u59b3\u808c\u819a\u66f4\uff0c\u767d\u7699\u3001\u900f\u660e\u3001\u5149\u6ed1\u3001\u9694\u96e2\u540c\u6642\u88dc\u6c34\uff0c\u8cea\u5730\u6e05\u723d\u66f4\u670d\u8cbc\u3002 \ud83d\udc49 \u8d85\u503c\u5169\u74f6&hellip;","_links":{"self":[{"href":"https:\/\/canlea.com\/vi\/wp-json\/wp\/v2\/product\/1651","targetHints":{"allow":["GET"]}}],"collection":[{"href":"https:\/\/canlea.com\/vi\/wp-json\/wp\/v2\/product"}],"about":[{"href":"https:\/\/canlea.com\/vi\/wp-json\/wp\/v2\/types\/product"}],"version-history":[{"count":0,"href":"https:\/\/canlea.com\/vi\/wp-json\/wp\/v2\/product\/1651\/revisions"}],"wp:featuredmedia":[{"embeddable":true,"href":"https:\/\/canlea.com\/vi\/wp-json\/wp\/v2\/media\/1680"}],"wp:attachment":[{"href":"https:\/\/canlea.com\/vi\/wp-json\/wp\/v2\/media?parent=1651"}],"wp:term":[{"taxonomy":"product_brand","embeddable":true,"href":"https:\/\/canlea.com\/vi\/wp-json\/wp\/v2\/product_brand?post=1651"},{"taxonomy":"product_cat","embeddable":true,"href":"https:\/\/canlea.com\/vi\/wp-json\/wp\/v2\/product_cat?post=1651"},{"taxonomy":"product_tag","embeddable":true,"href":"https:\/\/canlea.com\/vi\/wp-json\/wp\/v2\/product_tag?post=1651"}],"curies":[{"name":"wp","href":"https:\/\/api.w.org\/{rel}","templated":true}]}}