{"id":1661,"date":"2025-08-22T14:15:09","date_gmt":"2025-08-22T06:15:09","guid":{"rendered":"https:\/\/canlea.com\/?post_type=product&#038;p=1661"},"modified":"2026-03-30T10:26:41","modified_gmt":"2026-03-30T02:26:41","slug":"%e3%80%90%e5%8d%b3%e6%9c%9f%e8%89%af%e5%93%81%e3%80%91%e5%96%9c%e6%9c%9b%e6%b4%bb%e5%8a%9b%e5%af%b6%e8%91%89%e9%bb%83%e7%b4%a0%e8%a4%87%e6%96%b9%e8%86%a0%e5%9b%8a-%e6%95%88%e6%9c%9f%e8%87%b32026","status":"publish","type":"product","link":"https:\/\/canlea.com\/vi\/san-pham\/%e3%80%90%e5%8d%b3%e6%9c%9f%e8%89%af%e5%93%81%e3%80%91%e5%96%9c%e6%9c%9b%e6%b4%bb%e5%8a%9b%e5%af%b6%e8%91%89%e9%bb%83%e7%b4%a0%e8%a4%87%e6%96%b9%e8%86%a0%e5%9b%8a-%e6%95%88%e6%9c%9f%e8%87%b32026\/","title":{"rendered":"[H\u1ebft h\u1ea1n ch\u1ea5t l\u01b0\u1ee3ng] Vi\u00ean nang h\u1ee3p ch\u1ea5t Lutein Xiwang Huolibao \/ Ng\u00e0y h\u1ebft h\u1ea1n: 18 th\u00e1ng 5 n\u0103m 2026"},"content":{"rendered":"<figure class=\"wp-block-image size-full\" style=\"margin-top:0;margin-bottom:0\" data-block-type=\"core\"><img loading=\"lazy\" decoding=\"async\" width=\"737\" height=\"693\" src=\"https:\/\/canlea.com\/wp-content\/uploads\/2023\/04\/\u559c\u671b\u6d3b\u529b\u5bf6\u8449\u9ec3\u7d20\u8907\u65b9\u81a0\u56ca1-2.webp\" alt=\"\u559c\u671b\u6d3b\u529b\u5bf6\u8449\u9ec3\u7d20\u8907\u65b9\u81a0\u56ca1\" class=\"wp-image-66\" \/><\/figure>\n\n\n\n<figure class=\"wp-block-image size-full\" style=\"margin-top:0;margin-bottom:0\" data-block-type=\"core\"><img loading=\"lazy\" decoding=\"async\" width=\"737\" height=\"624\" src=\"https:\/\/canlea.com\/wp-content\/uploads\/2023\/04\/\u559c\u671b\u6d3b\u529b\u5bf6\u8449\u9ec3\u7d20\u8907\u65b9\u81a0\u56ca2-2.webp\" alt=\"\u559c\u671b\u6d3b\u529b\u5bf6\u8449\u9ec3\u7d20\u8907\u65b9\u81a0\u56ca2 2\" class=\"wp-image-67\" \/><\/figure>\n\n\n\n<figure class=\"wp-block-image size-full\" style=\"margin-top:0;margin-bottom:0\" data-block-type=\"core\"><img loading=\"lazy\" decoding=\"async\" width=\"737\" height=\"742\" src=\"https:\/\/canlea.com\/wp-content\/uploads\/2023\/04\/Xiwang Vi\u00ean nang h\u1ee3p ch\u1ea5t Lutein Vitality 3-2.webp\" alt=\"\u559c\u671b\u6d3b\u529b\u5bf6\u8449\u9ec3\u7d20\u8907\u65b9\u81a0\u56ca3\" class=\"wp-image-75\" \/><\/figure>\n\n\n\n<figure class=\"wp-block-image size-full\" style=\"margin-top:0;margin-bottom:0\" data-block-type=\"core\"><img loading=\"lazy\" decoding=\"async\" width=\"737\" height=\"704\" src=\"https:\/\/canlea.com\/wp-content\/uploads\/2023\/04\/Xiwang Vi\u00ean nang h\u1ee3p ch\u1ea5t Lutein Vitality 4-2.webp\" alt=\"\u559c\u671b\u6d3b\u529b\u5bf6\u8449\u9ec3\u7d20\u8907\u65b9\u81a0\u56ca4\" class=\"wp-image-76\" \/><\/figure>\n\n\n\n<figure class=\"wp-block-image size-full\" style=\"margin-top:0;margin-bottom:0\" data-block-type=\"core\"><img loading=\"lazy\" decoding=\"async\" width=\"737\" height=\"812\" src=\"https:\/\/canlea.com\/wp-content\/uploads\/2023\/04\/Xiwang Vi\u00ean nang h\u1ee3p ch\u1ea5t Vitality Bao Lutein 5-2.webp\" alt=\"\u559c\u671b\u6d3b\u529b\u5bf6\u8449\u9ec3\u7d20\u8907\u65b9\u81a0\u56ca5\" class=\"wp-image-77\" \/><\/figure>\n\n\n\n<figure class=\"wp-block-image size-full\" style=\"margin-top:0;margin-bottom:0\" data-block-type=\"core\"><img loading=\"lazy\" decoding=\"async\" width=\"737\" height=\"833\" src=\"https:\/\/canlea.com\/wp-content\/uploads\/2023\/04\/Xiwang Vi\u00ean nang h\u1ee3p ch\u1ea5t Vitality Bao Lutein 6-2.webp\" alt=\"\u559c\u671b\u6d3b\u529b\u5bf6\u8449\u9ec3\u7d20\u8907\u65b9\u81a0\u56ca6\" class=\"wp-image-78\" \/><\/figure>\n\n\n\n<figure class=\"wp-block-image size-full\" style=\"margin-top:0;margin-bottom:0\" data-block-type=\"core\"><img loading=\"lazy\" decoding=\"async\" width=\"737\" height=\"1625\" src=\"https:\/\/canlea.com\/wp-content\/uploads\/2023\/04\/Xiwang Vi\u00ean nang h\u1ee3p ch\u1ea5t Vitality Bao Lutein 7-2.webp\" alt=\"\u559c\u671b\u6d3b\u529b\u5bf6\u8449\u9ec3\u7d20\u8907\u65b9\u81a0\u56ca7\" class=\"wp-image-79\" \/><\/figure>\n\n\n\n<figure class=\"wp-block-image size-full\" style=\"margin-top:0;margin-bottom:0\" data-block-type=\"core\"><img loading=\"lazy\" decoding=\"async\" width=\"737\" height=\"1040\" src=\"https:\/\/canlea.com\/wp-content\/uploads\/2023\/04\/Xiwang Vi\u00ean nang h\u1ee3p ch\u1ea5t Vitality Bao Lutein 8-2.webp\" alt=\"\u559c\u671b\u6d3b\u529b\u5bf6\u8449\u9ec3\u7d20\u8907\u65b9\u81a0\u56ca8\" class=\"wp-image-80\" \/><\/figure>\n\n\n\n<figure class=\"wp-block-image size-full\" data-block-type=\"core\"><img loading=\"lazy\" decoding=\"async\" width=\"940\" height=\"788\" src=\"https:\/\/canlea.com\/wp-content\/uploads\/2023\/10\/scimgeKxobf.webp\" alt=\"\u71df\u990a\u8868\u793a \u8449\u9ec3\u7d20\" class=\"wp-image-1427\" \/><\/figure>\n\n\n\n<p data-block-type=\"core\"><strong>Dung t\u00edch<\/strong>475mg\u00b15% m\u1ed7i vi\u00ean, 30 vi\u00ean\/h\u1ed9p*2<\/p>\n\n\n\n<p data-block-type=\"core\"><strong>\uff5cTh\u00e0nh ph\u1ea7n\uff5c:<\/strong>Vi tinh th\u1ec3 \u03b1-cellulose, chi\u1ebft xu\u1ea5t hoa c\u00fac FloraGLO\u24c7 (ch\u1ee9a lutein 10%), vitamin C, chi\u1ebft xu\u1ea5t hoa c\u00fac kim ti\u1ec1n (ch\u1ee9a zeaxanthin), vitamin E, men selen, men k\u1ebdm, chi\u1ebft xu\u1ea5t nho \u0111en (ch\u1ee9a anthocyanin), mangan gluconate, \u0111\u1ed3ng gluconate, vitamin A , Ch\u1ea5t Magi\u00ea Stearate<\/p>\n\n\n\n<p data-block-type=\"core\"><strong>\uff5c\u0110\u1ed1i t\u01b0\u1ee3ng \u00e1p d\u1ee5ng\uff5c\uff1a<\/strong>Ph\u00f9 h\u1ee3p cho m\u1ecdi l\u1ee9a tu\u1ed5i v\u00e0 m\u1ecdi nhu c\u1ea7u, bao g\u1ed3m thanh thi\u1ebfu ni\u00ean, ng\u01b0\u1eddi tr\u01b0\u1edfng th\u00e0nh, ng\u01b0\u1eddi cao tu\u1ed5i, v\u00e0 nh\u1eefng ng\u01b0\u1eddi th\u01b0\u1eddng xuy\u00ean \u0111\u1ecdc s\u00e1ch ho\u1eb7c l\u00e0m c\u00f4ng vi\u1ec7c v\u0103n ph\u00f2ng \u0111\u00f2i h\u1ecfi t\u1eadp trung v\u00e0o m\u1eaft<\/p>\n\n\n\n<p data-block-type=\"core\"><strong>C\u00e1ch \u0103n:<\/strong>U\u1ed1ng 1 vi\u00ean m\u1ed7i ng\u00e0y, sau b\u1eefa \u0103n, \u0111\u1ec3 t\u1ed1i \u01b0u h\u00f3a h\u1ea5p th\u1ee5, v\u00ec lutein l\u00e0 m\u1ed9t th\u00e0nh ph\u1ea7n h\u00f2a tan trong ch\u1ea5t b\u00e9o.<\/p>\n\n\n\n<p data-block-type=\"core\"><strong>\uff5cPh\u01b0\u01a1ng ph\u00e1p l\u01b0u\uff5c\uff1a<\/strong>Vui l\u00f2ng l\u01b0u tr\u1eef s\u1ea3n ph\u1ea9m \u1edf n\u01a1i kh\u00f4 r\u00e1o, tho\u00e1ng m\u00e1t, tr\u00e1nh \u00e1nh n\u1eafng tr\u1ef1c ti\u1ebfp. S\u1eed d\u1ee5ng ngay sau khi m\u1edf \u0111\u1ec3 \u0111\u1ea3m b\u1ea3o ch\u1ea5t l\u01b0\u1ee3ng s\u1ea3n ph\u1ea9m.<\/p>\n\n\n\n<p data-block-type=\"core\"><strong>\uff5cL\u01b0u \u00fd\uff5c:<\/strong><\/p>\n\n\n\n<p data-block-type=\"core\">U\u1ed1ng 1 vi\u00ean m\u1ed7i ng\u00e0y. Kh\u00f4ng v\u01b0\u1ee3t qu\u00e1 li\u1ec1u l\u01b0\u1ee3ng khuy\u1ebfn c\u00e1o, u\u1ed1ng nhi\u1ec1u h\u01a1n kh\u00f4ng mang l\u1ea1i l\u1ee3i \u00edch th\u00eam<br>(2) Ph\u1ee5 n\u1eef mang thai ho\u1eb7c cho con b\u00fa, nh\u1eefng ng\u01b0\u1eddi b\u1ecb d\u1ecb \u1ee9ng \u0111\u00e3 bi\u1ebft v\u00e0 nh\u1eefng ng\u01b0\u1eddi c\u00f3 t\u00ecnh tr\u1ea1ng b\u1ec7nh l\u00fd c\u1ee5 th\u1ec3 n\u00ean tham kh\u1ea3o \u00fd ki\u1ebfn \u200b\u200bchuy\u00ean gia ch\u0103m s\u00f3c s\u1ee9c kh\u1ecfe tr\u01b0\u1edbc khi d\u00f9ng.<br>(3)Tr\u00e1nh xa t\u1ea7m tay c\u1ee7a tr\u1ebb s\u01a1 sinh v\u00e0 tr\u1ebb nh\u1ecf.<\/p>","protected":false},"excerpt":{"rendered":"<p>\u2726S\u1eed d\u1ee5ng FloraGLO c\u1ee7a M\u1ef9, c\u00f3 t\u1ef7 l\u1ec7 h\u1ea5p th\u1ee5 tuy\u1ec7t v\u1eddi cho con ng\u01b0\u1eddi<sup>\u00ae<\/sup>Chi\u1ebft xu\u1ea5t c\u00fac v\u1ea1n th\u1ecd \u0111\u01b0\u1ee3c c\u1ea5p b\u1eb1ng s\u00e1ng ch\u1ebf ch\u1ee9a Lutein t\u1ef1 do<\/p>\n<p>\u2726Ch\u1ee9a zeaxanthin, anthocyanin, men k\u1ebdm, men selen v\u00e0 vitamin ACE<\/p>\n<p>\u2726Th\u1ef1c ph\u1ea9m b\u1ed5 sung dinh d\u01b0\u1ee1ng to\u00e0n di\u1ec7n cho s\u1ee9c kh\u1ecfe \u0111\u00f4i m\u1eaft.<\/p>\n<p>\ud83d\udc49 \u01afu \u0111\u00e3i c\u1ef1c l\u1edbn! Mua 4 h\u1ed9p trong m\u1ed9t b\u1ed9 ch\u1ec9 v\u1edbi $760!<\/p>","protected":false},"featured_media":1755,"template":"","meta":{"_gspb_post_css":"","_uag_custom_page_level_css":"","footnotes":""},"product_brand":[],"product_cat":[30,19],"product_tag":[],"class_list":{"0":"post-1661","1":"product","2":"type-product","3":"status-publish","4":"has-post-thumbnail","6":"product_cat-sales","7":"product_cat-health-food","9":"first","10":"instock","11":"sale","12":"shipping-taxable","13":"purchasable","14":"product-type-simple"},"uagb_featured_image_src":{"full":["https:\/\/canlea.com\/wp-content\/uploads\/2025\/08\/scimgNoOKpV.webp",1040,1040,false]},"uagb_author_info":{"display_name":"Canlea","author_link":"https:\/\/canlea.com\/vi\/author\/"},"uagb_comment_info":0,"uagb_excerpt":"\u2726\u63a1\u7528\u4eba\u9ad4\u5438\u6536\u7387\u6975\u4f73 \u2013 \u7f8e\u570bFloraGLO\u00ae\u91d1\u76de\u82b1\u8403\u53d6\u7269\u5c08\u5229\u6e38\u96e2\u578b\u8449\u9ec3\u7d20 \u2726\u542b\u7389\u7c73\u9ec3\u7d20\u3001\u82b1\u9752\u7d20\u3001\u92c5\u9175\u6bcd\u3001\u7852&hellip;","_links":{"self":[{"href":"https:\/\/canlea.com\/vi\/wp-json\/wp\/v2\/product\/1661","targetHints":{"allow":["GET"]}}],"collection":[{"href":"https:\/\/canlea.com\/vi\/wp-json\/wp\/v2\/product"}],"about":[{"href":"https:\/\/canlea.com\/vi\/wp-json\/wp\/v2\/types\/product"}],"version-history":[{"count":0,"href":"https:\/\/canlea.com\/vi\/wp-json\/wp\/v2\/product\/1661\/revisions"}],"wp:featuredmedia":[{"embeddable":true,"href":"https:\/\/canlea.com\/vi\/wp-json\/wp\/v2\/media\/1755"}],"wp:attachment":[{"href":"https:\/\/canlea.com\/vi\/wp-json\/wp\/v2\/media?parent=1661"}],"wp:term":[{"taxonomy":"product_brand","embeddable":true,"href":"https:\/\/canlea.com\/vi\/wp-json\/wp\/v2\/product_brand?post=1661"},{"taxonomy":"product_cat","embeddable":true,"href":"https:\/\/canlea.com\/vi\/wp-json\/wp\/v2\/product_cat?post=1661"},{"taxonomy":"product_tag","embeddable":true,"href":"https:\/\/canlea.com\/vi\/wp-json\/wp\/v2\/product_tag?post=1661"}],"curies":[{"name":"wp","href":"https:\/\/api.w.org\/{rel}","templated":true}]}}